{"id":2612,"date":"2024-10-15T21:26:58","date_gmt":"2024-10-15T21:26:58","guid":{"rendered":"https:\/\/smitelgroup.com\/?page_id=2612"},"modified":"2024-11-04T08:45:36","modified_gmt":"2024-11-04T08:45:36","slug":"privacidad","status":"publish","type":"page","link":"https:\/\/smitelgroup.com\/en\/privacidad\/","title":{"rendered":"Privacidad"},"content":{"rendered":"<p>[et_pb_section fb_built=\u00bb1&#8243; _builder_version=\u00bb4.27.0&#8243; _module_preset=\u00bbdefault\u00bb background_image=\u00bbhttps:\/\/smitelgroup.com\/wp-content\/uploads\/2024\/09\/Sostenibiliad.gif\u00bb custom_margin=\u00bb-106px||||false|false\u00bb custom_margin_tablet=\u00bb-106px||||false|false\u00bb custom_margin_phone=\u00bb-122px||||false|false\u00bb custom_margin_last_edited=\u00bbon|phone\u00bb custom_padding=\u00bb180px||221px|||\u00bb global_colors_info=\u00bb{}\u00bb][et_pb_row custom_padding_last_edited=\u00bbon|phone\u00bb _builder_version=\u00bb4.27.0&#8243; _module_preset=\u00bbdefault\u00bb custom_margin=\u00bb76px|auto|-12px|auto||\u00bb custom_margin_tablet=\u00bb76px|auto||auto||\u00bb custom_margin_phone=\u00bb2px|auto||auto|false|false\u00bb custom_margin_last_edited=\u00bbon|phone\u00bb custom_padding=\u00bb||9px|||\u00bb custom_padding_tablet=\u00bb||117px|||\u00bb custom_padding_phone=\u00bb||4px||false|false\u00bb global_colors_info=\u00bb{}\u00bb][et_pb_column type=\u00bb4_4&#8243; _builder_version=\u00bb4.27.0&#8243; _module_preset=\u00bbdefault\u00bb global_colors_info=\u00bb{}\u00bb][et_pb_text _builder_version=\u00bb4.27.0&#8243; _module_preset=\u00bbdefault\u00bb header_font=\u00bbMono||||||||\u00bb header_text_align=\u00bbcenter\u00bb header_text_color=\u00bb#FFFFFF\u00bb header_font_size=\u00bb40px\u00bb custom_margin=\u00bb16px||10px|||\u00bb animation_style=\u00bbfade\u00bb global_colors_info=\u00bb{}\u00bb]<\/p>\n<h1>Pol\u00edtica de Privacidad<\/h1>\n<p>[\/et_pb_text][\/et_pb_column][\/et_pb_row][\/et_pb_section][et_pb_section fb_built=\u00bb1&#8243; _builder_version=\u00bb4.27.0&#8243; _module_preset=\u00bbdefault\u00bb custom_padding=\u00bb1px||78px|||\u00bb global_colors_info=\u00bb{}\u00bb][et_pb_row make_equal=\u00bbon\u00bb custom_padding_last_edited=\u00bbon|phone\u00bb _builder_version=\u00bb4.27.2&#8243; _module_preset=\u00bbdefault\u00bb width=\u00bb65%\u00bb width_tablet=\u00bb100%\u00bb width_phone=\u00bb100%\u00bb width_last_edited=\u00bbon|phone\u00bb max_width=\u00bb1250px\u00bb custom_padding=\u00bb||52px|||\u00bb custom_padding_tablet=\u00bb||52px|||\u00bb custom_padding_phone=\u00bb|25px|52px|25px|false|true\u00bb global_colors_info=\u00bb{}\u00bb][et_pb_column type=\u00bb4_4&#8243; _builder_version=\u00bb4.27.0&#8243; _module_preset=\u00bbdefault\u00bb global_colors_info=\u00bb{}\u00bb][et_pb_text _builder_version=\u00bb4.27.2&#8243; _module_preset=\u00bbdefault\u00bb text_font=\u00bbDM Sans||||||||\u00bb text_text_color=\u00bbgcid-body-color\u00bb text_font_size=\u00bb16px\u00bb custom_padding=\u00bb|20px||||\u00bb animation_style=\u00bbfade\u00bb hover_enabled=\u00bb0&#8243; text_font_size_tablet=\u00bb16px\u00bb text_font_size_phone=\u00bb21px\u00bb text_font_size_last_edited=\u00bbon|phone\u00bb global_colors_info=\u00bb{%22gcid-body-color%22:%91%22text_text_color%22%93}\u00bb sticky_enabled=\u00bb0&#8243;]La empresa le garantiza la protecci\u00f3n de todos los datos de car\u00e1cter personal que proporcione el Usuario en el \u201cSitio Web\u201d y, en cumplimiento de lo dispuesto en la Ley Org\u00e1nica 15\/1999, de 13 de diciembre de Protecci\u00f3n de Datos de Car\u00e1cter Personal, en le RD 1720\/2007 de 21 de diciembre y restante normativa de aplicaci\u00f3n, le informa que:<\/p>\n<p>a) Todos los datos de car\u00e1cter personal facilitados a la EMPRESA ser\u00e1n tratados por \u00e9sta de acuerdo con la Ley Org\u00e1nica 15\/1999 de 13 de diciembre de Protecci\u00f3n de Datos de Car\u00e1cter Personal y el RD 1720\/2007 de 21 de diciembre y quedar\u00e1n incorporados en el fichero USUARIOS WEB, creado y mantenido bajo la responsabilidad de la EMPRESA, el cual ha sido debidamente registrado en la Agencia Espa\u00f1ola de Protecci\u00f3n de Datos.<\/p>\n<p>b) Los datos son recabados con las siguientes finalidades: gesti\u00f3n, estudio y resoluci\u00f3n de consultas \u2013 env\u00edo de publicidad y prospecci\u00f3n comercial por medios electr\u00f3nicos, acerca de la empresa, sus actividades, productos y servicios, as\u00ed como documentaci\u00f3n de diversa naturaleza.<\/p>\n<p>c) En la recogida y el tratamiento de los datos de car\u00e1cter personal se han adoptado las medidas de seguridad adecuadas para evitar la p\u00e9rdida, el acceso no autorizado o la manipulaci\u00f3n de los mismos, de acuerdo con lo establecido en el Real Decreto 1720\/2007, de 21 de diciembre.<\/p>\n<p>d) La EMPRESA se compromete a proteger la informaci\u00f3n confidencial a la que tenga acceso. La EMPRESA no emplear\u00e1 en ning\u00fan caso los datos de car\u00e1cter personal que usted ponga a su disposici\u00f3n para prestar servicios a terceros distintos a los referidos en el apartado b) del presente documento o, en su caso, para lograr una utilidad propia.<\/p>\n<p>e) El Usuario certifica que es mayor de 14 a\u00f1os y que por lo tanto posee la capacidad legal necesaria para la prestaci\u00f3n del consentimiento en cuanto al tratamiento de sus datos de car\u00e1cter personal y todo ello, de conformidad con lo establecido en la presente Pol\u00edtica de Privacidad.<\/p>\n<p>f) El Usuario puede, en todo momento, ejercitar los derechos de acceso, rectificaci\u00f3n, cancelaci\u00f3n y oposici\u00f3n sobre sus datos personales as\u00ed como el de revocaci\u00f3n del consentimiento para cualquier de las finalidades antes se\u00f1aladas, enviando a la EMPRESA carta debidamente firmada a nuestra direcci\u00f3n postal, arriba indicada, donde consten claramente los datos de contacto, a la cual deber\u00e1 acompa\u00f1arse fotocopia de su DNI\/NIF o documento que acredite su identidad.<\/p>\n<p>g) El Usuario autoriza al tratamiento automatizado de los datos personales suministrados en los t\u00e9rminos indicados. Para ello pulse el bot\u00f3n \u201cENVIAR\u201d que se encuentra tras el formulario de recogida de datos.[\/et_pb_text][\/et_pb_column][\/et_pb_row][\/et_pb_section]<\/p>\n","protected":false},"excerpt":{"rendered":"<p>Pol\u00edtica de PrivacidadLa empresa le garantiza la protecci\u00f3n de todos los datos de car\u00e1cter personal que proporcione el Usuario en el \u201cSitio Web\u201d y, en cumplimiento de lo dispuesto en la Ley Org\u00e1nica 15\/1999, de 13 de diciembre de Protecci\u00f3n de Datos de Car\u00e1cter Personal, en le RD 1720\/2007 de 21 de diciembre y restante [&hellip;]<\/p>\n","protected":false},"author":2,"featured_media":0,"parent":0,"menu_order":0,"comment_status":"closed","ping_status":"closed","template":"","meta":{"_et_pb_use_builder":"on","_et_pb_old_content":"","_et_gb_content_width":"","inline_featured_image":false,"footnotes":""},"dipi_cpt_category":[],"class_list":["post-2612","page","type-page","status-publish","hentry"],"_links":{"self":[{"href":"https:\/\/smitelgroup.com\/en\/wp-json\/wp\/v2\/pages\/2612"}],"collection":[{"href":"https:\/\/smitelgroup.com\/en\/wp-json\/wp\/v2\/pages"}],"about":[{"href":"https:\/\/smitelgroup.com\/en\/wp-json\/wp\/v2\/types\/page"}],"author":[{"embeddable":true,"href":"https:\/\/smitelgroup.com\/en\/wp-json\/wp\/v2\/users\/2"}],"replies":[{"embeddable":true,"href":"https:\/\/smitelgroup.com\/en\/wp-json\/wp\/v2\/comments?post=2612"}],"version-history":[{"count":0,"href":"https:\/\/smitelgroup.com\/en\/wp-json\/wp\/v2\/pages\/2612\/revisions"}],"wp:attachment":[{"href":"https:\/\/smitelgroup.com\/en\/wp-json\/wp\/v2\/media?parent=2612"}],"wp:term":[{"taxonomy":"dipi_cpt_category","embeddable":true,"href":"https:\/\/smitelgroup.com\/en\/wp-json\/wp\/v2\/dipi_cpt_category?post=2612"}],"curies":[{"name":"wp","href":"https:\/\/api.w.org\/{rel}","templated":true}]}}