{"id":2856,"date":"2024-12-16T11:55:48","date_gmt":"2024-12-16T11:55:48","guid":{"rendered":"https:\/\/smitelgroup.com\/?page_id=2856"},"modified":"2024-12-20T14:01:10","modified_gmt":"2024-12-20T14:01:10","slug":"home-elementor","status":"publish","type":"page","link":"https:\/\/smitelgroup.com\/en\/home-elementor\/","title":{"rendered":"Home Elementor"},"content":{"rendered":"<h2>The strength of the group<\/h2>\n<p>\t\t\t\t\t<a href=\"#vuelo\" target=\"_blank\" id=\"alza-vuelo\" rel=\"noopener\"><br \/>\n\t\t\t\t<svg aria-hidden=\"true\" viewbox=\"0 0 256 512\" xmlns=\"http:\/\/www.w3.org\/2000\/svg\"><path d=\"M168 345.941V44c0-6.627-5.373-12-12-12h-56c-6.627 0-12 5.373-12 12v301.941H41.941c-21.382 0-32.09 25.851-16.971 40.971l86.059 86.059c9.373 9.373 24.569 9.373 33.941 0l86.059-86.059c15.119-15.119 4.411-40.971-16.971-40.971H168z\"><\/path><\/svg><br \/>\n\t\t\t\t\t\t\t\t\tTAKE FLIGHT<br \/>\n\t\t\t\t\t<\/a><br \/>\n\t\t\t\t\t<a href=\"https:\/\/smitelgroup.com\/en\/hacemos\/\" target=\"_blank\" rel=\"noopener\"><br \/>\n\t\t\t\t<svg aria-hidden=\"true\" viewbox=\"0 0 448 512\" xmlns=\"http:\/\/www.w3.org\/2000\/svg\"><path d=\"M313.941 216H12c-6.627 0-12 5.373-12 12v56c0 6.627 5.373 12 12 12h301.941v46.059c0 21.382 25.851 32.09 40.971 16.971l86.059-86.059c9.373-9.373 9.373-24.569 0-33.941l-86.059-86.059c-15.119-15.119-40.971-4.411-40.971 16.971V216z\"><\/path><\/svg><br \/>\n\t\t\t\t\t\t\t\t\tWE DO<br \/>\n\t\t\t\t\t<\/a><br \/>\n\t\t\t\t\t<a href=\"https:\/\/smitelgroup.com\/en\/home-elementor\/#volamos-alto\"><br \/>\n\t\t\t\t\t\t\t\t\tSKIP<br \/>\n\t\t\t\t\t<\/a><\/p>\n<p>For years, the scientific community has sought an explanation for the enigmatic flight\nof starling flocks.<\/p>\n<p>Thousands of these birds perform hypnotic, perfectly synchronized choreographies, forming spherical shapes that expand and contract, continuously changing form without seemingly following any rules.<\/p>\n<p>However, it is a highly refined complex system, whose beauty and synchronization have a purpose: to adapt with maximum efficiency to their environment and avoid predators.<\/p>\n<p>Even though a flock can contain thousands of individuals, each starling follows only the direction and speed of its seven closest flying companions, while emitting a loud sound to share information with the group and avoid collisions.<\/p>\n<p>Information, synchronization, and precision\u2014a truly connected network moving forward in perfect harmony.<\/p>\n<h2>We fly high<br \/>because we fly together<\/h2>\n<p>Innovative solutions in telecommunications, civil engineering, energy, and architecture.<\/p>\n<p>We place the client at the heart of every project, working in harmony to design innovative, turnkey solutions that create value and sustainable profitability.\t\t<\/p>\n<h2>Energy<\/h2>\n<p>\t\tWe carry out renewable energy projects, specializing in<br \/>\nsistemas fotovoltaicos y soluciones el\u00e9ctricas sostenibles, impulsando un futuro energ\u00e9tico m\u00e1s limpio y eficiente.\t\t<\/p>\n<h2>Telecommunications<\/h2>\n<p>We design innovative fiber optic (FTTX) and wireless network solutions, optimizing\nprocesses from planning to final delivery,<br \/>tailored to the specific needs of each operator.<\/p>\n<h2>Architecture<\/h2>\n<p>We create unique buildings through an integrated<br \/>design approach. This methodology allows us to combine<br \/>functionality and aesthetics, ensuring our clients enjoy unique<br \/>and exclusive spaces<\/p>\n<h2>Civil Engineering<\/h2>\n<p>We design, build, and automate cutting-edge infrastructure,<br \/>providing comprehensive and efficient solutions through<br \/>the use of specialized software.<\/p>\n<h2>A story of high aspirations<\/h2>\n<p>Since our inception in 2020, we have constantly evolved, expanding our capabilities and expertise. This continuous growth has allowed us to establish ourselves as a company to watch in our areas of specialization, participating in international projects.<\/p>\n<p>\t\t\t\t\t\t\t<svg aria-hidden=\"true\" viewbox=\"0 0 1000 1000\" xmlns=\"http:\/\/www.w3.org\/2000\/svg\"><path d=\"M646 125C629 125 613 133 604 142L308 442C296 454 292 471 292 487 292 504 296 521 308 533L604 854C617 867 629 875 646 875 663 875 679 871 692 858 704 846 713 829 713 812 713 796 708 779 692 767L438 487 692 225C700 217 708 204 708 187 708 171 704 154 692 142 675 129 663 125 646 125Z\"><\/path><\/svg>\t\t\t\t\t\t\tAnterior<br \/>\n\t\t\t\t\t\t\t<svg aria-hidden=\"true\" viewbox=\"0 0 1000 1000\" xmlns=\"http:\/\/www.w3.org\/2000\/svg\"><path d=\"M696 533C708 521 713 504 713 487 713 471 708 454 696 446L400 146C388 133 375 125 354 125 338 125 325 129 313 142 300 154 292 171 292 187 292 204 296 221 308 233L563 492 304 771C292 783 288 800 288 817 288 833 296 850 308 863 321 871 338 875 354 875 371 875 388 867 400 854L696 533Z\"><\/path><\/svg>\t\t\t\t\t\t\tSiguiente<br \/>\n\t\t\t\t\t\t\t<svg aria-hidden=\"true\" viewbox=\"0 0 1000 1000\" xmlns=\"http:\/\/www.w3.org\/2000\/svg\"><path d=\"M646 125C629 125 613 133 604 142L308 442C296 454 292 471 292 487 292 504 296 521 308 533L604 854C617 867 629 875 646 875 663 875 679 871 692 858 704 846 713 829 713 812 713 796 708 779 692 767L438 487 692 225C700 217 708 204 708 187 708 171 704 154 692 142 675 129 663 125 646 125Z\"><\/path><\/svg>\t\t\t\t\t\t\tAnterior<br \/>\n\t\t\t\t\t\t\t<svg aria-hidden=\"true\" viewbox=\"0 0 1000 1000\" xmlns=\"http:\/\/www.w3.org\/2000\/svg\"><path d=\"M696 533C708 521 713 504 713 487 713 471 708 454 696 446L400 146C388 133 375 125 354 125 338 125 325 129 313 142 300 154 292 171 292 187 292 204 296 221 308 233L563 492 304 771C292 783 288 800 288 817 288 833 296 850 308 863 321 871 338 875 354 875 371 875 388 867 400 854L696 533Z\"><\/path><\/svg>\t\t\t\t\t\t\tSiguiente<\/p>\n<h2>Commitment to the future<\/h2>\n<p>Discover our sustainability and corporate governance policies.<\/p>\n<p>\t\t\t\t\t<a href=\"https:\/\/smitelgroup.com\/en\/sostenibilidad\/\"><br \/>\n\t\t\t\t<svg aria-hidden=\"true\" viewbox=\"0 0 448 512\" xmlns=\"http:\/\/www.w3.org\/2000\/svg\"><path d=\"M313.941 216H12c-6.627 0-12 5.373-12 12v56c0 6.627 5.373 12 12 12h301.941v46.059c0 21.382 25.851 32.09 40.971 16.971l86.059-86.059c9.373-9.373 9.373-24.569 0-33.941l-86.059-86.059c-15.119-15.119-40.971-4.411-40.971 16.971V216z\"><\/path><\/svg><br \/>\n\t\t\t\t\t\t\t\t\tSUSTAINABILITY<br \/>\n\t\t\t\t\t<\/a><br \/>\n\t\t\t\t\t\t\t\t\t\t\t\t\t<img decoding=\"async\" src=\"https:\/\/smitelgroup.com\/wp-content\/uploads\/2024\/11\/f7938503391547b8615a14b853959bd7-scaled-1.webp\" title=\"f7938503391547b8615a14b853959bd7-scaled\" alt=\"f7938503391547b8615a14b853959bd7-scaled\" loading=\"lazy\" \/>\t\t\t\t\t\t\t\t\t\t\t\t\t<\/p>\n<h2>Talent and dedication, our wings<\/h2>\n<p>We have multidisciplinary teams of experts in engineering and architecture who bring amazing projects to life.<\/p>\n<p>We stand out because we let talent soar, contributing solutions that enrich the group and enhance each phase of teamwork, ensuring excellence in every project.<\/p>\n<p>\t\t\t\t\t<a href=\"https:\/\/smitelgroup.com\/en\/trabaja-con-nosotros\/\"><br \/>\n\t\t\t\t<svg aria-hidden=\"true\" viewbox=\"0 0 448 512\" xmlns=\"http:\/\/www.w3.org\/2000\/svg\"><path d=\"M313.941 216H12c-6.627 0-12 5.373-12 12v56c0 6.627 5.373 12 12 12h301.941v46.059c0 21.382 25.851 32.09 40.971 16.971l86.059-86.059c9.373-9.373 9.373-24.569 0-33.941l-86.059-86.059c-15.119-15.119-40.971-4.411-40.971 16.971V216z\"><\/path><\/svg><br \/>\n\t\t\t\t\t\t\t\t\tWORK WITH US<br \/>\n\t\t\t\t\t<\/a><\/p>","protected":false},"excerpt":{"rendered":"<p>La fuerza del grupo ALZA EL VUELO HACEMOS HAZ CLICK PARA SALTAR Durante a\u00f1os, la comunidad cient\u00edfica ha buscado la explicaci\u00f3n al enigm\u00e1tico vuelo de las bandadas de estorninos. Miles de estas aves llevan a cabo hipn\u00f3ticas coreograf\u00edas perfectamente sincronizadas, generando formaciones esf\u00e9ricas que se expanden y contraen, cambiando de forma continuamente sin aparentemente obedecer [&hellip;]<\/p>\n","protected":false},"author":5,"featured_media":0,"parent":0,"menu_order":0,"comment_status":"closed","ping_status":"closed","template":"elementor_header_footer","meta":{"_et_pb_use_builder":"","_et_pb_old_content":"","_et_gb_content_width":"","inline_featured_image":false,"footnotes":""},"dipi_cpt_category":[],"class_list":["post-2856","page","type-page","status-publish","hentry"],"_links":{"self":[{"href":"https:\/\/smitelgroup.com\/en\/wp-json\/wp\/v2\/pages\/2856"}],"collection":[{"href":"https:\/\/smitelgroup.com\/en\/wp-json\/wp\/v2\/pages"}],"about":[{"href":"https:\/\/smitelgroup.com\/en\/wp-json\/wp\/v2\/types\/page"}],"author":[{"embeddable":true,"href":"https:\/\/smitelgroup.com\/en\/wp-json\/wp\/v2\/users\/5"}],"replies":[{"embeddable":true,"href":"https:\/\/smitelgroup.com\/en\/wp-json\/wp\/v2\/comments?post=2856"}],"version-history":[{"count":1172,"href":"https:\/\/smitelgroup.com\/en\/wp-json\/wp\/v2\/pages\/2856\/revisions"}],"predecessor-version":[{"id":4128,"href":"https:\/\/smitelgroup.com\/en\/wp-json\/wp\/v2\/pages\/2856\/revisions\/4128"}],"wp:attachment":[{"href":"https:\/\/smitelgroup.com\/en\/wp-json\/wp\/v2\/media?parent=2856"}],"wp:term":[{"taxonomy":"dipi_cpt_category","embeddable":true,"href":"https:\/\/smitelgroup.com\/en\/wp-json\/wp\/v2\/dipi_cpt_category?post=2856"}],"curies":[{"name":"wp","href":"https:\/\/api.w.org\/{rel}","templated":true}]}}